{"id":7,"date":"2017-12-12T19:55:07","date_gmt":"2017-12-12T19:55:07","guid":{"rendered":"http:\/\/paksikave.hu\/?page_id=7"},"modified":"2018-02-19T22:22:21","modified_gmt":"2018-02-19T21:22:21","slug":"kezdolap","status":"publish","type":"page","link":"https:\/\/www.apaksikave.hu\/","title":{"rendered":"Kezd\u0151lap"},"content":{"rendered":"<div class=\"\"><\/div>\n<div class=\"\">\n<p>A k\u00e1v\u00e9 szinte mindenki \u00e9let\u00e9nek szerves r\u00e9sze. Mindenki ismeri, mindenki m\u00e1shogy fogyasztja&#8230; Van, aki az\u00e9rt issza, hogy fel\u00e9bredjen, m\u00edg m\u00e1snak egy desszertet jelent. De val\u00f3ban tudjuk, mi is az a k\u00e1v\u00e9?<\/p>\n<\/div>\n<p><img loading=\"lazy\" class=\"alignnone size-medium wp-image-30\" src=\"\/wp-content\/uploads\/2017\/12\/cropped-apaksikave_logo-300x117.png\" alt=\"\" width=\"300\" height=\"117\" srcset=\"https:\/\/www.apaksikave.hu\/wp-content\/uploads\/2017\/12\/cropped-apaksikave_logo-300x117.png 300w, https:\/\/www.apaksikave.hu\/wp-content\/uploads\/2017\/12\/cropped-apaksikave_logo.png 643w\" sizes=\"(max-width: 300px) 100vw, 300px\" \/><\/p>\n<p>A paksi k\u00e1v\u00e9 2016 nyar\u00e1n j\u00f6tt l\u00e9tre, mely egyben egy \u00e1lom megval\u00f3sul\u00e1s\u00e1t is jelentette: a c\u00e9l egy olyan k\u00e1v\u00e9z\u00f3 l\u00e9trehoz\u00e1sa volt, amely megismerteti az emberekkel az igazi k\u00e1v\u00e9t\u2026 a k\u00e1v\u00e9t, ami nem keser\u0171, aminek \u00edz\u00e9t nem sz\u00fcks\u00e9ges elnyomni a cukorral, \u00e9s amit m\u00e1r sokkal ink\u00e1bb az \u00edze miatt, mintsem a hat\u00e1sa miatt fogyasztunk.<\/p>\n","protected":false},"excerpt":{"rendered":"<p>A k\u00e1v\u00e9 szinte mindenki \u00e9let\u00e9nek szerves r\u00e9sze. Mindenki ismeri, mindenki m\u00e1shogy fogyasztja&#8230; Van, aki az\u00e9rt issza, hogy fel\u00e9bredjen, m\u00edg m\u00e1snak egy desszertet jelent. De val\u00f3ban tudjuk, mi is az a k\u00e1v\u00e9? A paksi k\u00e1v\u00e9 2016 nyar\u00e1n j\u00f6tt l\u00e9tre, mely egyben egy \u00e1lom megval\u00f3sul\u00e1s\u00e1t is jelentette: a c\u00e9l egy olyan k\u00e1v\u00e9z\u00f3 l\u00e9trehoz\u00e1sa volt, amely megismerteti az &hellip; <\/p>\n<p class=\"link-more\"><a href=\"https:\/\/www.apaksikave.hu\/\" class=\"more-link\"><span class=\"screen-reader-text\">&#8220;Kezd\u0151lap&#8221;<\/span> b\u0151vebben<\/a><\/p>\n","protected":false},"author":1,"featured_media":0,"parent":0,"menu_order":0,"comment_status":"closed","ping_status":"closed","template":"","meta":[],"_links":{"self":[{"href":"https:\/\/www.apaksikave.hu\/index.php\/wp-json\/wp\/v2\/pages\/7"}],"collection":[{"href":"https:\/\/www.apaksikave.hu\/index.php\/wp-json\/wp\/v2\/pages"}],"about":[{"href":"https:\/\/www.apaksikave.hu\/index.php\/wp-json\/wp\/v2\/types\/page"}],"author":[{"embeddable":true,"href":"https:\/\/www.apaksikave.hu\/index.php\/wp-json\/wp\/v2\/users\/1"}],"replies":[{"embeddable":true,"href":"https:\/\/www.apaksikave.hu\/index.php\/wp-json\/wp\/v2\/comments?post=7"}],"version-history":[{"count":6,"href":"https:\/\/www.apaksikave.hu\/index.php\/wp-json\/wp\/v2\/pages\/7\/revisions"}],"predecessor-version":[{"id":88,"href":"https:\/\/www.apaksikave.hu\/index.php\/wp-json\/wp\/v2\/pages\/7\/revisions\/88"}],"wp:attachment":[{"href":"https:\/\/www.apaksikave.hu\/index.php\/wp-json\/wp\/v2\/media?parent=7"}],"curies":[{"name":"wp","href":"https:\/\/api.w.org\/{rel}","templated":true}]}}