{"id":8,"date":"2017-12-12T19:55:09","date_gmt":"2017-12-12T19:55:09","guid":{"rendered":"http:\/\/paksikave.hu\/?page_id=8"},"modified":"2021-12-18T22:49:56","modified_gmt":"2021-12-18T21:49:56","slug":"nevjegy","status":"publish","type":"page","link":"https:\/\/www.apaksikave.hu\/index.php\/nevjegy\/","title":{"rendered":"N\u00e9vjegy"},"content":{"rendered":"<p>Amennyiben komolyabban \u00e9rdekel a gasztron\u00f3mia ezen r\u00e9sze \u00e9s \u00fagy \u00e9rzed, hogy t\u00f6bbet szeretn\u00e9l tudni a k\u00e1v\u00e9 izgalmas vil\u00e1g\u00e1r\u00f3l, \u00e9rdemes figyelemmel k\u00eds\u00e9rned minket, hiszen rendszeresen szervez\u00fcnk \u00fan. workshopokat. Ez j\u00f3 alkalom lehet egyr\u00e9szt arra, hogy megismerkedj a t\u00f6bbi k\u00e1v\u00e9rajong\u00f3val, m\u00e1sr\u00e9szt k\u00f6nnyen \u00f6tletet szerezhetsz az otthoni k\u00e1v\u00e9k\u00e9sz\u00edt\u00e9shez.<br \/>\nT\u00f6rt\u00e9nelm\u00fcnkh\u00f6z m\u00e1r hozz\u00e1tartozik az is, hogy 2017, 2018, 2019 \u00e9s 2020 \u00e9vekben a 10 legkedveltebb k\u00e1v\u00e9z\u00f3 k\u00f6z\u00e9 v\u00e1lasztottak minket.<br \/>\nAz eltelt id\u0151szakban sikeresen kialakult az is, hogy k\u00e1v\u00e9z\u00f3nk nem csup\u00e1n a k\u00e1v\u00e9r\u00f3l sz\u00f3l, hanem R\u00f3latok is! Egy igazi k\u00f6z\u00f6ss\u00e9gform\u00e1l\u00f3 helly\u00e9 v\u00e1lt: legyen sz\u00f3 ak\u00e1r bar\u00e1ti \u00f6sszej\u00f6vetelr\u0151l, ak\u00e1r \u00fczleti megbesz\u00e9l\u00e9sr\u0151l \u2013 N\u00e1lunk biztosan megtal\u00e1lod a helyed!<\/p>\n","protected":false},"excerpt":{"rendered":"<p>Amennyiben komolyabban \u00e9rdekel a gasztron\u00f3mia ezen r\u00e9sze \u00e9s \u00fagy \u00e9rzed, hogy t\u00f6bbet szeretn\u00e9l tudni a k\u00e1v\u00e9 izgalmas vil\u00e1g\u00e1r\u00f3l, \u00e9rdemes figyelemmel k\u00eds\u00e9rned minket, hiszen rendszeresen szervez\u00fcnk \u00fan. workshopokat. Ez j\u00f3 alkalom lehet egyr\u00e9szt arra, hogy megismerkedj a t\u00f6bbi k\u00e1v\u00e9rajong\u00f3val, m\u00e1sr\u00e9szt k\u00f6nnyen \u00f6tletet szerezhetsz az otthoni k\u00e1v\u00e9k\u00e9sz\u00edt\u00e9shez. T\u00f6rt\u00e9nelm\u00fcnkh\u00f6z m\u00e1r hozz\u00e1tartozik az is, hogy 2017, 2018, 2019 \u00e9s &hellip; <\/p>\n<p class=\"link-more\"><a href=\"https:\/\/www.apaksikave.hu\/index.php\/nevjegy\/\" class=\"more-link\"><span class=\"screen-reader-text\">&#8220;N\u00e9vjegy&#8221;<\/span> b\u0151vebben<\/a><\/p>\n","protected":false},"author":1,"featured_media":104,"parent":0,"menu_order":0,"comment_status":"closed","ping_status":"closed","template":"","meta":[],"_links":{"self":[{"href":"https:\/\/www.apaksikave.hu\/index.php\/wp-json\/wp\/v2\/pages\/8"}],"collection":[{"href":"https:\/\/www.apaksikave.hu\/index.php\/wp-json\/wp\/v2\/pages"}],"about":[{"href":"https:\/\/www.apaksikave.hu\/index.php\/wp-json\/wp\/v2\/types\/page"}],"author":[{"embeddable":true,"href":"https:\/\/www.apaksikave.hu\/index.php\/wp-json\/wp\/v2\/users\/1"}],"replies":[{"embeddable":true,"href":"https:\/\/www.apaksikave.hu\/index.php\/wp-json\/wp\/v2\/comments?post=8"}],"version-history":[{"count":5,"href":"https:\/\/www.apaksikave.hu\/index.php\/wp-json\/wp\/v2\/pages\/8\/revisions"}],"predecessor-version":[{"id":107,"href":"https:\/\/www.apaksikave.hu\/index.php\/wp-json\/wp\/v2\/pages\/8\/revisions\/107"}],"wp:featuredmedia":[{"embeddable":true,"href":"https:\/\/www.apaksikave.hu\/index.php\/wp-json\/wp\/v2\/media\/104"}],"wp:attachment":[{"href":"https:\/\/www.apaksikave.hu\/index.php\/wp-json\/wp\/v2\/media?parent=8"}],"curies":[{"name":"wp","href":"https:\/\/api.w.org\/{rel}","templated":true}]}}