{"id":9,"date":"2017-12-12T19:55:10","date_gmt":"2017-12-12T19:55:10","guid":{"rendered":"http:\/\/paksikave.hu\/?page_id=9"},"modified":"2017-12-12T21:31:28","modified_gmt":"2017-12-12T21:31:28","slug":"elerhetoseg","status":"publish","type":"page","link":"https:\/\/www.apaksikave.hu\/index.php\/elerhetoseg\/","title":{"rendered":"El\u00e9rhet\u0151s\u00e9g"},"content":{"rendered":"<p>A paksi k\u00e1v\u00e9 Paks \u00fajv\u00e1rosi r\u00e9sz\u00e9n, de a v\u00e1rosb\u00f3l b\u00e1rhonnan n\u00e9h\u00e1ny perc alatt el\u00e9rhet\u0151, az M6 aut\u00f3p\u00e1lya Paks D\u00e9l lehajt\u00f3j\u00e1t\u00f3l pedig 5 perc alatt el lehet jutni hozz\u00e1nk. Sok \u00e9s ingyenes parkol\u00f3 v\u00e1rja az aut\u00f3val \u00e9rkez\u0151ket, aki pedig busszal j\u00f6nne, az 1. sz\u00e1m\u00fa helyi aut\u00f3buszj\u00e1rat meg\u00e1ll\u00f3ja 2 percre tal\u00e1lhat\u00f3.<\/p>\n","protected":false},"excerpt":{"rendered":"<p>A paksi k\u00e1v\u00e9 Paks \u00fajv\u00e1rosi r\u00e9sz\u00e9n, de a v\u00e1rosb\u00f3l b\u00e1rhonnan n\u00e9h\u00e1ny perc alatt el\u00e9rhet\u0151, az M6 aut\u00f3p\u00e1lya Paks D\u00e9l lehajt\u00f3j\u00e1t\u00f3l pedig 5 perc alatt el lehet jutni hozz\u00e1nk. Sok \u00e9s ingyenes parkol\u00f3 v\u00e1rja az aut\u00f3val \u00e9rkez\u0151ket, aki pedig busszal j\u00f6nne, az 1. sz\u00e1m\u00fa helyi aut\u00f3buszj\u00e1rat meg\u00e1ll\u00f3ja 2 percre tal\u00e1lhat\u00f3.<\/p>\n","protected":false},"author":1,"featured_media":44,"parent":0,"menu_order":0,"comment_status":"closed","ping_status":"closed","template":"","meta":[],"_links":{"self":[{"href":"https:\/\/www.apaksikave.hu\/index.php\/wp-json\/wp\/v2\/pages\/9"}],"collection":[{"href":"https:\/\/www.apaksikave.hu\/index.php\/wp-json\/wp\/v2\/pages"}],"about":[{"href":"https:\/\/www.apaksikave.hu\/index.php\/wp-json\/wp\/v2\/types\/page"}],"author":[{"embeddable":true,"href":"https:\/\/www.apaksikave.hu\/index.php\/wp-json\/wp\/v2\/users\/1"}],"replies":[{"embeddable":true,"href":"https:\/\/www.apaksikave.hu\/index.php\/wp-json\/wp\/v2\/comments?post=9"}],"version-history":[{"count":3,"href":"https:\/\/www.apaksikave.hu\/index.php\/wp-json\/wp\/v2\/pages\/9\/revisions"}],"predecessor-version":[{"id":43,"href":"https:\/\/www.apaksikave.hu\/index.php\/wp-json\/wp\/v2\/pages\/9\/revisions\/43"}],"wp:featuredmedia":[{"embeddable":true,"href":"https:\/\/www.apaksikave.hu\/index.php\/wp-json\/wp\/v2\/media\/44"}],"wp:attachment":[{"href":"https:\/\/www.apaksikave.hu\/index.php\/wp-json\/wp\/v2\/media?parent=9"}],"curies":[{"name":"wp","href":"https:\/\/api.w.org\/{rel}","templated":true}]}}